{"id":24,"date":"2015-05-27T16:33:26","date_gmt":"2015-05-27T16:33:26","guid":{"rendered":"http:\/\/firmabudowlanagrzesik.pl\/?page_id=24"},"modified":"2015-07-15T17:36:00","modified_gmt":"2015-07-15T17:36:00","slug":"strona-glowna","status":"publish","type":"page","link":"https:\/\/firmabudowlanagrzesik.pl\/","title":{"rendered":"O Firmie"},"content":{"rendered":"<p>&nbsp;<\/p>\n<h3><span style=\"color: #ff6600;\"><em><strong>Dzia\u0142amy w bran\u017cy od 25 lat<\/strong><\/em><\/span><\/h3>\n<h5>Sukces inwestycji zale\u017cy przede wszystkim od wyboru w\u0142a\u015bciwej firmy, kt\u00f3ra dok\u0142adnie zrozumie Twoje potrzeby i profesjonalnie wykona swoj\u0105 prac\u0119. Ju\u017c od ponad 25 lat oferujemy r\u00f3\u017cnego typu us\u0142ugi budowlane. Dzia\u0142amy g\u0142\u00f3wnie na terenie wojew\u00f3dztwa \u015bl\u0105skiego.<\/h5>\n<h5>Specjalizujemy si\u0119 w:<\/h5>\n<ul>\n<li>\n<h5>budowie dom\u00f3w, gara\u017cy,<\/h5>\n<\/li>\n<li>\n<h5>docieplaniu budynk\u00f3w,<\/h5>\n<\/li>\n<li>\n<h5>pracach wyko\u0144czeniowych, remontach i modernizacjach,<\/h5>\n<\/li>\n<li>\n<h5>budowa dom\u00f3w szkieletowych (kanadyjskich).<\/h5>\n<\/li>\n<\/ul>\n<p>&nbsp;<\/p>\n<h3><span style=\"color: #ff6600;\"><em><strong>Twoje potrzeby s\u0105 najwa\u017cniejsze<\/strong><\/em><\/span><\/h3>\n<h5>Pracujemy w taki spos\u00f3b, by zaoszcz\u0119dzi\u0107 Tw\u00f3j czas i pieni\u0105dze. Nasz\u0105 wzajemn\u0105 relacj\u0119 opieramy przede wszystkim na\u00a0uczciwo\u015bci\u00a0i\u00a0\u017cyczliwo\u015bci.<\/h5>\n<h5>Za darmo przyjedziemy do Twojego domu, mieszkania czy te\u017c na plac budowy i\u00a0za darmo wykonamy wycen\u0119. W zale\u017cno\u015bci od Twoich preferencji b\u0119dziemy pracowa\u0107 z wykorzystaniem zakupionych przez Ciebie materia\u0142\u00f3w lub te\u017c sami je kupimy i przywieziemy.<\/h5>\n<p>&nbsp;<\/p>\n<h3><span style=\"color: #ff6600;\"><em><strong>Gwarancja satysfakcji<\/strong><\/em><\/span><\/h3>\n<h5>Pami\u0119tamy o najwa\u017cniejszym \u2013\u00a0dom budujemy czy remontujemy dla Ciebie\u00a0\u00a0i to Ty musisz by\u0107 zadowolony. Dlatego zawsze oferujemy gwarancj\u0119 satysfakcji.<\/h5>\n","protected":false},"excerpt":{"rendered":"<p>&nbsp; Dzia\u0142amy w bran\u017cy od 25 lat Sukces inwestycji zale\u017cy przede wszystkim od wyboru w\u0142a\u015bciwej firmy, kt\u00f3ra dok\u0142adnie zrozumie Twoje potrzeby i profesjonalnie wykona swoj\u0105 prac\u0119. Ju\u017c od ponad 25 lat oferujemy r\u00f3\u017cnego typu us\u0142ugi budowlane. Dzia\u0142amy g\u0142\u00f3wnie na terenie wojew\u00f3dztwa \u015bl\u0105skiego. Specjalizujemy si\u0119 w: budowie dom\u00f3w, gara\u017cy, docieplaniu budynk\u00f3w, pracach wyko\u0144czeniowych, remontach i modernizacjach,&hellip; <a href=\"https:\/\/firmabudowlanagrzesik.pl\/\">Continue reading&#8230;<\/a><\/p>\n","protected":false},"author":1,"featured_media":0,"parent":0,"menu_order":1,"comment_status":"closed","ping_status":"closed","template":"","meta":{"footnotes":""},"class_list":["post-24","page","type-page","status-publish","hentry"],"yoast_head":"<!-- This site is optimized with the Yoast SEO plugin v27.2 - https:\/\/yoast.com\/product\/yoast-seo-wordpress\/ -->\n<title>Budowa dom\u00f3w Mst\u00f3w Firma Budowlana GRZESIK<\/title>\n<meta name=\"description\" content=\"Oferujemy profesjonalne us\u0142ugi budowlane, g\u0142adzie, instalacje sanitarne, oraz inne prace wyko\u0144czeniowe\" \/>\n<meta name=\"robots\" content=\"index, follow, max-snippet:-1, max-image-preview:large, max-video-preview:-1\" \/>\n<link rel=\"canonical\" href=\"https:\/\/firmabudowlanagrzesik.pl\/\" \/>\n<meta property=\"og:locale\" content=\"pl_PL\" \/>\n<meta property=\"og:type\" content=\"article\" \/>\n<meta property=\"og:title\" content=\"Budowa dom\u00f3w Mst\u00f3w Firma Budowlana GRZESIK\" \/>\n<meta property=\"og:description\" content=\"Oferujemy profesjonalne us\u0142ugi budowlane, g\u0142adzie, instalacje sanitarne, oraz inne prace wyko\u0144czeniowe\" \/>\n<meta property=\"og:url\" content=\"https:\/\/firmabudowlanagrzesik.pl\/\" \/>\n<meta property=\"og:site_name\" content=\"FirmaBudowlanaGRZESIK\" \/>\n<meta property=\"article:modified_time\" content=\"2015-07-15T17:36:00+00:00\" \/>\n<meta name=\"twitter:card\" content=\"summary_large_image\" \/>\n<meta name=\"twitter:label1\" content=\"Szacowany czas czytania\" \/>\n\t<meta name=\"twitter:data1\" content=\"1 minuta\" \/>\n<script type=\"application\/ld+json\" class=\"yoast-schema-graph\">{\"@context\":\"https:\/\/schema.org\",\"@graph\":[{\"@type\":\"WebPage\",\"@id\":\"https:\/\/firmabudowlanagrzesik.pl\/\",\"url\":\"https:\/\/firmabudowlanagrzesik.pl\/\",\"name\":\"Budowa dom\u00f3w Mst\u00f3w Firma Budowlana GRZESIK\",\"isPartOf\":{\"@id\":\"https:\/\/firmabudowlanagrzesik.pl\/#website\"},\"datePublished\":\"2015-05-27T16:33:26+00:00\",\"dateModified\":\"2015-07-15T17:36:00+00:00\",\"description\":\"Oferujemy profesjonalne us\u0142ugi budowlane, g\u0142adzie, instalacje sanitarne, oraz inne prace wyko\u0144czeniowe\",\"breadcrumb\":{\"@id\":\"https:\/\/firmabudowlanagrzesik.pl\/#breadcrumb\"},\"inLanguage\":\"pl-PL\",\"potentialAction\":[{\"@type\":\"ReadAction\",\"target\":[\"https:\/\/firmabudowlanagrzesik.pl\/\"]}]},{\"@type\":\"BreadcrumbList\",\"@id\":\"https:\/\/firmabudowlanagrzesik.pl\/#breadcrumb\",\"itemListElement\":[{\"@type\":\"ListItem\",\"position\":1,\"name\":\"Strona g\u0142\u00f3wna\",\"item\":\"https:\/\/firmabudowlanagrzesik.pl\/\"},{\"@type\":\"ListItem\",\"position\":2,\"name\":\"O Firmie\"}]},{\"@type\":\"WebSite\",\"@id\":\"https:\/\/firmabudowlanagrzesik.pl\/#website\",\"url\":\"https:\/\/firmabudowlanagrzesik.pl\/\",\"name\":\"FirmaBudowlanaGRZESIK\",\"description\":\"Firma Budowlana Grzesik Mst\u00f3w\",\"potentialAction\":[{\"@type\":\"SearchAction\",\"target\":{\"@type\":\"EntryPoint\",\"urlTemplate\":\"https:\/\/firmabudowlanagrzesik.pl\/?s={search_term_string}\"},\"query-input\":{\"@type\":\"PropertyValueSpecification\",\"valueRequired\":true,\"valueName\":\"search_term_string\"}}],\"inLanguage\":\"pl-PL\"}]}<\/script>\n<!-- \/ Yoast SEO plugin. -->","yoast_head_json":{"title":"Budowa dom\u00f3w Mst\u00f3w Firma Budowlana GRZESIK","description":"Oferujemy profesjonalne us\u0142ugi budowlane, g\u0142adzie, instalacje sanitarne, oraz inne prace wyko\u0144czeniowe","robots":{"index":"index","follow":"follow","max-snippet":"max-snippet:-1","max-image-preview":"max-image-preview:large","max-video-preview":"max-video-preview:-1"},"canonical":"https:\/\/firmabudowlanagrzesik.pl\/","og_locale":"pl_PL","og_type":"article","og_title":"Budowa dom\u00f3w Mst\u00f3w Firma Budowlana GRZESIK","og_description":"Oferujemy profesjonalne us\u0142ugi budowlane, g\u0142adzie, instalacje sanitarne, oraz inne prace wyko\u0144czeniowe","og_url":"https:\/\/firmabudowlanagrzesik.pl\/","og_site_name":"FirmaBudowlanaGRZESIK","article_modified_time":"2015-07-15T17:36:00+00:00","twitter_card":"summary_large_image","twitter_misc":{"Szacowany czas czytania":"1 minuta"},"schema":{"@context":"https:\/\/schema.org","@graph":[{"@type":"WebPage","@id":"https:\/\/firmabudowlanagrzesik.pl\/","url":"https:\/\/firmabudowlanagrzesik.pl\/","name":"Budowa dom\u00f3w Mst\u00f3w Firma Budowlana GRZESIK","isPartOf":{"@id":"https:\/\/firmabudowlanagrzesik.pl\/#website"},"datePublished":"2015-05-27T16:33:26+00:00","dateModified":"2015-07-15T17:36:00+00:00","description":"Oferujemy profesjonalne us\u0142ugi budowlane, g\u0142adzie, instalacje sanitarne, oraz inne prace wyko\u0144czeniowe","breadcrumb":{"@id":"https:\/\/firmabudowlanagrzesik.pl\/#breadcrumb"},"inLanguage":"pl-PL","potentialAction":[{"@type":"ReadAction","target":["https:\/\/firmabudowlanagrzesik.pl\/"]}]},{"@type":"BreadcrumbList","@id":"https:\/\/firmabudowlanagrzesik.pl\/#breadcrumb","itemListElement":[{"@type":"ListItem","position":1,"name":"Strona g\u0142\u00f3wna","item":"https:\/\/firmabudowlanagrzesik.pl\/"},{"@type":"ListItem","position":2,"name":"O Firmie"}]},{"@type":"WebSite","@id":"https:\/\/firmabudowlanagrzesik.pl\/#website","url":"https:\/\/firmabudowlanagrzesik.pl\/","name":"FirmaBudowlanaGRZESIK","description":"Firma Budowlana Grzesik Mst\u00f3w","potentialAction":[{"@type":"SearchAction","target":{"@type":"EntryPoint","urlTemplate":"https:\/\/firmabudowlanagrzesik.pl\/?s={search_term_string}"},"query-input":{"@type":"PropertyValueSpecification","valueRequired":true,"valueName":"search_term_string"}}],"inLanguage":"pl-PL"}]}},"_links":{"self":[{"href":"https:\/\/firmabudowlanagrzesik.pl\/index.php?rest_route=\/wp\/v2\/pages\/24","targetHints":{"allow":["GET"]}}],"collection":[{"href":"https:\/\/firmabudowlanagrzesik.pl\/index.php?rest_route=\/wp\/v2\/pages"}],"about":[{"href":"https:\/\/firmabudowlanagrzesik.pl\/index.php?rest_route=\/wp\/v2\/types\/page"}],"author":[{"embeddable":true,"href":"https:\/\/firmabudowlanagrzesik.pl\/index.php?rest_route=\/wp\/v2\/users\/1"}],"replies":[{"embeddable":true,"href":"https:\/\/firmabudowlanagrzesik.pl\/index.php?rest_route=%2Fwp%2Fv2%2Fcomments&post=24"}],"version-history":[{"count":18,"href":"https:\/\/firmabudowlanagrzesik.pl\/index.php?rest_route=\/wp\/v2\/pages\/24\/revisions"}],"predecessor-version":[{"id":226,"href":"https:\/\/firmabudowlanagrzesik.pl\/index.php?rest_route=\/wp\/v2\/pages\/24\/revisions\/226"}],"wp:attachment":[{"href":"https:\/\/firmabudowlanagrzesik.pl\/index.php?rest_route=%2Fwp%2Fv2%2Fmedia&parent=24"}],"curies":[{"name":"wp","href":"https:\/\/api.w.org\/{rel}","templated":true}]}}