{"id":19,"date":"2015-05-27T16:17:29","date_gmt":"2015-05-27T16:17:29","guid":{"rendered":"http:\/\/firmabudowlanagrzesik.pl\/?page_id=19"},"modified":"2015-07-15T18:23:22","modified_gmt":"2015-07-15T18:23:22","slug":"oferta","status":"publish","type":"page","link":"https:\/\/firmabudowlanagrzesik.pl\/?page_id=19","title":{"rendered":"Oferta"},"content":{"rendered":"<h3 style=\"text-align: center;\"><span style=\"color: #ff6600;\"><strong>Firma budowlana GRZESIK\u00a0\u015bwiadczy us\u0142ugi w zakresie og\u00f3lnobudowlanym na terenie Gminy Mst\u00f3w\u00a0i wojew\u00f3dztwa \u015bl\u0105skiego.<\/strong><\/span><\/h3>\n<h4><\/h4>\n<h4><span style=\"color: #ff6600;\"><em><strong>Specjalizujemy si\u0119 w:<\/strong><\/em><\/span><\/h4>\n<ul>\n<li>\n<h4><span style=\"color: #000000;\">budowie dom\u00f3w jednorodzinnych, gara\u017cy,<\/span><\/h4>\n<\/li>\n<li>\n<h4>docieplaniu budynk\u00f3w,<\/h4>\n<\/li>\n<li>\n<h4>budowie wi\u0119\u017aby dachowej,<\/h4>\n<\/li>\n<li>\n<h4>budowie ogrodzenia,<\/h4>\n<\/li>\n<li>\n<h4>tynki tradycyjne cementowo-wapienne<\/h4>\n<\/li>\n<li>\n<h4>pracach wyko\u0144czeniowych, remontach i modernizacjach,<\/h4>\n<\/li>\n<li>\n<h4>budowie dom\u00f3w szkieletowych (kanadyjskich).<\/h4>\n<\/li>\n<\/ul>\n<p><a href=\"http:\/\/firmabudowlanagrzesik.pl\/?attachment_id=63\" rel=\"attachment wp-att-63\"><br \/>\n<\/a><\/p>\n","protected":false},"excerpt":{"rendered":"<p>Firma budowlana GRZESIK\u00a0\u015bwiadczy us\u0142ugi w zakresie og\u00f3lnobudowlanym na terenie Gminy Mst\u00f3w\u00a0i wojew\u00f3dztwa \u015bl\u0105skiego. Specjalizujemy si\u0119 w: budowie dom\u00f3w jednorodzinnych, gara\u017cy, docieplaniu budynk\u00f3w, budowie wi\u0119\u017aby dachowej, budowie ogrodzenia, tynki tradycyjne cementowo-wapienne pracach wyko\u0144czeniowych, remontach i modernizacjach, budowie dom\u00f3w szkieletowych (kanadyjskich).<\/p>\n","protected":false},"author":1,"featured_media":0,"parent":0,"menu_order":2,"comment_status":"closed","ping_status":"closed","template":"","meta":{"footnotes":""},"class_list":["post-19","page","type-page","status-publish","hentry"],"yoast_head":"<!-- This site is optimized with the Yoast SEO plugin v27.2 - https:\/\/yoast.com\/product\/yoast-seo-wordpress\/ -->\n<title>Oferta - FirmaBudowlanaGRZESIK<\/title>\n<meta name=\"robots\" content=\"index, follow, max-snippet:-1, max-image-preview:large, max-video-preview:-1\" \/>\n<link rel=\"canonical\" href=\"https:\/\/firmabudowlanagrzesik.pl\/?page_id=19\" \/>\n<meta property=\"og:locale\" content=\"pl_PL\" \/>\n<meta property=\"og:type\" content=\"article\" \/>\n<meta property=\"og:title\" content=\"Oferta - FirmaBudowlanaGRZESIK\" \/>\n<meta property=\"og:description\" content=\"Firma budowlana GRZESIK\u00a0\u015bwiadczy us\u0142ugi w zakresie og\u00f3lnobudowlanym na terenie Gminy Mst\u00f3w\u00a0i wojew\u00f3dztwa \u015bl\u0105skiego. Specjalizujemy si\u0119 w: budowie dom\u00f3w jednorodzinnych, gara\u017cy, docieplaniu budynk\u00f3w, budowie wi\u0119\u017aby dachowej, budowie ogrodzenia, tynki tradycyjne cementowo-wapienne pracach wyko\u0144czeniowych, remontach i modernizacjach, budowie dom\u00f3w szkieletowych (kanadyjskich).\" \/>\n<meta property=\"og:url\" content=\"https:\/\/firmabudowlanagrzesik.pl\/?page_id=19\" \/>\n<meta property=\"og:site_name\" content=\"FirmaBudowlanaGRZESIK\" \/>\n<meta property=\"article:modified_time\" content=\"2015-07-15T18:23:22+00:00\" \/>\n<meta name=\"twitter:card\" content=\"summary_large_image\" \/>\n<script type=\"application\/ld+json\" class=\"yoast-schema-graph\">{\"@context\":\"https:\/\/schema.org\",\"@graph\":[{\"@type\":\"WebPage\",\"@id\":\"https:\/\/firmabudowlanagrzesik.pl\/?page_id=19\",\"url\":\"https:\/\/firmabudowlanagrzesik.pl\/?page_id=19\",\"name\":\"Oferta - FirmaBudowlanaGRZESIK\",\"isPartOf\":{\"@id\":\"https:\/\/firmabudowlanagrzesik.pl\/#website\"},\"datePublished\":\"2015-05-27T16:17:29+00:00\",\"dateModified\":\"2015-07-15T18:23:22+00:00\",\"breadcrumb\":{\"@id\":\"https:\/\/firmabudowlanagrzesik.pl\/?page_id=19#breadcrumb\"},\"inLanguage\":\"pl-PL\",\"potentialAction\":[{\"@type\":\"ReadAction\",\"target\":[\"https:\/\/firmabudowlanagrzesik.pl\/?page_id=19\"]}]},{\"@type\":\"BreadcrumbList\",\"@id\":\"https:\/\/firmabudowlanagrzesik.pl\/?page_id=19#breadcrumb\",\"itemListElement\":[{\"@type\":\"ListItem\",\"position\":1,\"name\":\"Strona g\u0142\u00f3wna\",\"item\":\"https:\/\/firmabudowlanagrzesik.pl\/\"},{\"@type\":\"ListItem\",\"position\":2,\"name\":\"Oferta\"}]},{\"@type\":\"WebSite\",\"@id\":\"https:\/\/firmabudowlanagrzesik.pl\/#website\",\"url\":\"https:\/\/firmabudowlanagrzesik.pl\/\",\"name\":\"FirmaBudowlanaGRZESIK\",\"description\":\"Firma Budowlana Grzesik Mst\u00f3w\",\"potentialAction\":[{\"@type\":\"SearchAction\",\"target\":{\"@type\":\"EntryPoint\",\"urlTemplate\":\"https:\/\/firmabudowlanagrzesik.pl\/?s={search_term_string}\"},\"query-input\":{\"@type\":\"PropertyValueSpecification\",\"valueRequired\":true,\"valueName\":\"search_term_string\"}}],\"inLanguage\":\"pl-PL\"}]}<\/script>\n<!-- \/ Yoast SEO plugin. -->","yoast_head_json":{"title":"Oferta - FirmaBudowlanaGRZESIK","robots":{"index":"index","follow":"follow","max-snippet":"max-snippet:-1","max-image-preview":"max-image-preview:large","max-video-preview":"max-video-preview:-1"},"canonical":"https:\/\/firmabudowlanagrzesik.pl\/?page_id=19","og_locale":"pl_PL","og_type":"article","og_title":"Oferta - FirmaBudowlanaGRZESIK","og_description":"Firma budowlana GRZESIK\u00a0\u015bwiadczy us\u0142ugi w zakresie og\u00f3lnobudowlanym na terenie Gminy Mst\u00f3w\u00a0i wojew\u00f3dztwa \u015bl\u0105skiego. Specjalizujemy si\u0119 w: budowie dom\u00f3w jednorodzinnych, gara\u017cy, docieplaniu budynk\u00f3w, budowie wi\u0119\u017aby dachowej, budowie ogrodzenia, tynki tradycyjne cementowo-wapienne pracach wyko\u0144czeniowych, remontach i modernizacjach, budowie dom\u00f3w szkieletowych (kanadyjskich).","og_url":"https:\/\/firmabudowlanagrzesik.pl\/?page_id=19","og_site_name":"FirmaBudowlanaGRZESIK","article_modified_time":"2015-07-15T18:23:22+00:00","twitter_card":"summary_large_image","schema":{"@context":"https:\/\/schema.org","@graph":[{"@type":"WebPage","@id":"https:\/\/firmabudowlanagrzesik.pl\/?page_id=19","url":"https:\/\/firmabudowlanagrzesik.pl\/?page_id=19","name":"Oferta - FirmaBudowlanaGRZESIK","isPartOf":{"@id":"https:\/\/firmabudowlanagrzesik.pl\/#website"},"datePublished":"2015-05-27T16:17:29+00:00","dateModified":"2015-07-15T18:23:22+00:00","breadcrumb":{"@id":"https:\/\/firmabudowlanagrzesik.pl\/?page_id=19#breadcrumb"},"inLanguage":"pl-PL","potentialAction":[{"@type":"ReadAction","target":["https:\/\/firmabudowlanagrzesik.pl\/?page_id=19"]}]},{"@type":"BreadcrumbList","@id":"https:\/\/firmabudowlanagrzesik.pl\/?page_id=19#breadcrumb","itemListElement":[{"@type":"ListItem","position":1,"name":"Strona g\u0142\u00f3wna","item":"https:\/\/firmabudowlanagrzesik.pl\/"},{"@type":"ListItem","position":2,"name":"Oferta"}]},{"@type":"WebSite","@id":"https:\/\/firmabudowlanagrzesik.pl\/#website","url":"https:\/\/firmabudowlanagrzesik.pl\/","name":"FirmaBudowlanaGRZESIK","description":"Firma Budowlana Grzesik Mst\u00f3w","potentialAction":[{"@type":"SearchAction","target":{"@type":"EntryPoint","urlTemplate":"https:\/\/firmabudowlanagrzesik.pl\/?s={search_term_string}"},"query-input":{"@type":"PropertyValueSpecification","valueRequired":true,"valueName":"search_term_string"}}],"inLanguage":"pl-PL"}]}},"_links":{"self":[{"href":"https:\/\/firmabudowlanagrzesik.pl\/index.php?rest_route=\/wp\/v2\/pages\/19","targetHints":{"allow":["GET"]}}],"collection":[{"href":"https:\/\/firmabudowlanagrzesik.pl\/index.php?rest_route=\/wp\/v2\/pages"}],"about":[{"href":"https:\/\/firmabudowlanagrzesik.pl\/index.php?rest_route=\/wp\/v2\/types\/page"}],"author":[{"embeddable":true,"href":"https:\/\/firmabudowlanagrzesik.pl\/index.php?rest_route=\/wp\/v2\/users\/1"}],"replies":[{"embeddable":true,"href":"https:\/\/firmabudowlanagrzesik.pl\/index.php?rest_route=%2Fwp%2Fv2%2Fcomments&post=19"}],"version-history":[{"count":12,"href":"https:\/\/firmabudowlanagrzesik.pl\/index.php?rest_route=\/wp\/v2\/pages\/19\/revisions"}],"predecessor-version":[{"id":238,"href":"https:\/\/firmabudowlanagrzesik.pl\/index.php?rest_route=\/wp\/v2\/pages\/19\/revisions\/238"}],"wp:attachment":[{"href":"https:\/\/firmabudowlanagrzesik.pl\/index.php?rest_route=%2Fwp%2Fv2%2Fmedia&parent=19"}],"curies":[{"name":"wp","href":"https:\/\/api.w.org\/{rel}","templated":true}]}}