{"id":15,"date":"2015-05-27T16:16:38","date_gmt":"2015-05-27T16:16:38","guid":{"rendered":"http:\/\/firmabudowlanagrzesik.pl\/?page_id=15"},"modified":"2015-06-17T16:35:34","modified_gmt":"2015-06-17T16:35:34","slug":"kontakt","status":"publish","type":"page","link":"https:\/\/firmabudowlanagrzesik.pl\/?page_id=15","title":{"rendered":"Kontakt"},"content":{"rendered":"<p style=\"text-align: left;\"><strong><em>Firma\u00a0Budowlana\u00a0GRZESIK<\/em><\/strong><\/p>\n<p style=\"text-align: left;\">ul.G\u0142\u00f3wna 24 Zawada<\/p>\n<p style=\"text-align: left;\">42-244 Mst\u00f3w<\/p>\n<p style=\"text-align: left;\">NIP: 949-005-08-71<\/p>\n<p style=\"text-align: left;\"><em><strong>Dariusz Grzesik<\/strong><\/em><\/p>\n<p style=\"text-align: left;\"><strong>tel: 693 348 706<\/strong><\/p>\n<p style=\"text-align: left;\">email:<strong> biuro@firmabudowlanagrzesik.pl<\/strong><\/p>\n<p style=\"text-align: left;\">www:<strong> www.firmabudowlanagrzesik.pl<\/strong><\/p>\n<h2 style=\"text-align: left;\"><span style=\"color: #ff6600;\">CHCESZ OTRZYMA\u0106 DARMOW\u0104 WYCEN\u0118 ? SKONTAKTUJ SI\u0118 Z NAMI !<\/span><\/h2>\n<p style=\"text-align: left;\">\n<div class=\"wpcf7 no-js\" id=\"wpcf7-f74-o1\" lang=\"pl-PL\" dir=\"ltr\" data-wpcf7-id=\"74\">\n<div class=\"screen-reader-response\"><p role=\"status\" aria-live=\"polite\" aria-atomic=\"true\"><\/p> <ul><\/ul><\/div>\n<form action=\"\/index.php?rest_route=%2Fwp%2Fv2%2Fpages%2F15#wpcf7-f74-o1\" method=\"post\" class=\"wpcf7-form init\" aria-label=\"Formularz kontaktowy\" novalidate=\"novalidate\" data-status=\"init\">\n<fieldset class=\"hidden-fields-container\"><input type=\"hidden\" name=\"_wpcf7\" value=\"74\" \/><input type=\"hidden\" name=\"_wpcf7_version\" value=\"6.1.5\" \/><input type=\"hidden\" name=\"_wpcf7_locale\" value=\"pl_PL\" \/><input type=\"hidden\" name=\"_wpcf7_unit_tag\" value=\"wpcf7-f74-o1\" \/><input type=\"hidden\" name=\"_wpcf7_container_post\" value=\"0\" \/><input type=\"hidden\" name=\"_wpcf7_posted_data_hash\" value=\"\" \/>\n<\/fieldset>\n<p>Imi\u0119 i nazwisko (wymagane)\n<\/p>\n<p><span class=\"wpcf7-form-control-wrap\" data-name=\"your-name\"><input size=\"40\" maxlength=\"400\" class=\"wpcf7-form-control wpcf7-text wpcf7-validates-as-required\" aria-required=\"true\" aria-invalid=\"false\" value=\"\" type=\"text\" name=\"your-name\" \/><\/span>\n<\/p>\n<p>Adres email (wymagane)\n<\/p>\n<p><span class=\"wpcf7-form-control-wrap\" data-name=\"your-email\"><input size=\"40\" maxlength=\"400\" class=\"wpcf7-form-control wpcf7-email wpcf7-validates-as-required wpcf7-text wpcf7-validates-as-email\" aria-required=\"true\" aria-invalid=\"false\" value=\"\" type=\"email\" name=\"your-email\" \/><\/span>\n<\/p>\n<p>Temat\n<\/p>\n<p><span class=\"wpcf7-form-control-wrap\" data-name=\"your-subject\"><input size=\"40\" maxlength=\"400\" class=\"wpcf7-form-control wpcf7-text\" aria-invalid=\"false\" value=\"\" type=\"text\" name=\"your-subject\" \/><\/span>\n<\/p>\n<p>Tre\u015b\u0107 wiadomo\u015bci\n<\/p>\n<p><span class=\"wpcf7-form-control-wrap\" data-name=\"your-message\"><textarea cols=\"40\" rows=\"10\" maxlength=\"2000\" class=\"wpcf7-form-control wpcf7-textarea\" aria-invalid=\"false\" name=\"your-message\"><\/textarea><\/span>\n<\/p>\n<p><input class=\"wpcf7-form-control wpcf7-submit has-spinner\" type=\"submit\" value=\"Wy\u015blij\" \/>\n<\/p><div class=\"wpcf7-response-output\" aria-hidden=\"true\"><\/div>\n<\/form>\n<\/div>\n<\/p>\n<p><center><iframe loading=\"lazy\" src=\"https:\/\/www.google.com\/maps\/embed?pb=!1m18!1m12!1m3!1d20163.2569688817!2d19.343918223711782!3d50.82362249514271!2m3!1f0!2f0!3f0!3m2!1i1024!2i768!4f13.1!3m3!1m2!1s0x47174b91ef542aeb%3A0x6c55d44ee79113b1!2zR8WCw7N3bmEgMjQsIDQyLTI0NCBaYXdhZGE!5e0!3m2!1spl!2spl!4v1434370712957\" width=\"400\" height=\"300\" frameborder=\"0\"><\/iframe><\/center><\/p>\n","protected":false},"excerpt":{"rendered":"<p>Firma\u00a0Budowlana\u00a0GRZESIK ul.G\u0142\u00f3wna 24 Zawada 42-244 Mst\u00f3w NIP: 949-005-08-71 Dariusz Grzesik tel: 693 348 706 email: biuro@firmabudowlanagrzesik.pl www: www.firmabudowlanagrzesik.pl CHCESZ OTRZYMA\u0106 DARMOW\u0104 WYCEN\u0118 ? SKONTAKTUJ SI\u0118 Z NAMI !<\/p>\n","protected":false},"author":1,"featured_media":0,"parent":0,"menu_order":5,"comment_status":"closed","ping_status":"closed","template":"templates\/page-right-sidebar.php","meta":{"footnotes":""},"class_list":["post-15","page","type-page","status-publish","hentry"],"yoast_head":"<!-- This site is optimized with the Yoast SEO plugin v27.2 - https:\/\/yoast.com\/product\/yoast-seo-wordpress\/ -->\n<title>Kontakt - FirmaBudowlanaGRZESIK<\/title>\n<meta name=\"robots\" content=\"index, follow, max-snippet:-1, max-image-preview:large, max-video-preview:-1\" \/>\n<link rel=\"canonical\" href=\"https:\/\/firmabudowlanagrzesik.pl\/?page_id=15\" \/>\n<meta property=\"og:locale\" content=\"pl_PL\" \/>\n<meta property=\"og:type\" content=\"article\" \/>\n<meta property=\"og:title\" content=\"Kontakt - FirmaBudowlanaGRZESIK\" \/>\n<meta property=\"og:description\" content=\"Firma\u00a0Budowlana\u00a0GRZESIK ul.G\u0142\u00f3wna 24 Zawada 42-244 Mst\u00f3w NIP: 949-005-08-71 Dariusz Grzesik tel: 693 348 706 email: biuro@firmabudowlanagrzesik.pl www: www.firmabudowlanagrzesik.pl CHCESZ OTRZYMA\u0106 DARMOW\u0104 WYCEN\u0118 ? SKONTAKTUJ SI\u0118 Z NAMI !\" \/>\n<meta property=\"og:url\" content=\"https:\/\/firmabudowlanagrzesik.pl\/?page_id=15\" \/>\n<meta property=\"og:site_name\" content=\"FirmaBudowlanaGRZESIK\" \/>\n<meta property=\"article:modified_time\" content=\"2015-06-17T16:35:34+00:00\" \/>\n<meta name=\"twitter:card\" content=\"summary_large_image\" \/>\n<script type=\"application\/ld+json\" class=\"yoast-schema-graph\">{\"@context\":\"https:\/\/schema.org\",\"@graph\":[{\"@type\":\"WebPage\",\"@id\":\"https:\/\/firmabudowlanagrzesik.pl\/?page_id=15\",\"url\":\"https:\/\/firmabudowlanagrzesik.pl\/?page_id=15\",\"name\":\"Kontakt - FirmaBudowlanaGRZESIK\",\"isPartOf\":{\"@id\":\"https:\/\/firmabudowlanagrzesik.pl\/#website\"},\"datePublished\":\"2015-05-27T16:16:38+00:00\",\"dateModified\":\"2015-06-17T16:35:34+00:00\",\"breadcrumb\":{\"@id\":\"https:\/\/firmabudowlanagrzesik.pl\/?page_id=15#breadcrumb\"},\"inLanguage\":\"pl-PL\",\"potentialAction\":[{\"@type\":\"ReadAction\",\"target\":[\"https:\/\/firmabudowlanagrzesik.pl\/?page_id=15\"]}]},{\"@type\":\"BreadcrumbList\",\"@id\":\"https:\/\/firmabudowlanagrzesik.pl\/?page_id=15#breadcrumb\",\"itemListElement\":[{\"@type\":\"ListItem\",\"position\":1,\"name\":\"Strona g\u0142\u00f3wna\",\"item\":\"https:\/\/firmabudowlanagrzesik.pl\/\"},{\"@type\":\"ListItem\",\"position\":2,\"name\":\"Kontakt\"}]},{\"@type\":\"WebSite\",\"@id\":\"https:\/\/firmabudowlanagrzesik.pl\/#website\",\"url\":\"https:\/\/firmabudowlanagrzesik.pl\/\",\"name\":\"FirmaBudowlanaGRZESIK\",\"description\":\"Firma Budowlana Grzesik Mst\u00f3w\",\"potentialAction\":[{\"@type\":\"SearchAction\",\"target\":{\"@type\":\"EntryPoint\",\"urlTemplate\":\"https:\/\/firmabudowlanagrzesik.pl\/?s={search_term_string}\"},\"query-input\":{\"@type\":\"PropertyValueSpecification\",\"valueRequired\":true,\"valueName\":\"search_term_string\"}}],\"inLanguage\":\"pl-PL\"}]}<\/script>\n<!-- \/ Yoast SEO plugin. -->","yoast_head_json":{"title":"Kontakt - FirmaBudowlanaGRZESIK","robots":{"index":"index","follow":"follow","max-snippet":"max-snippet:-1","max-image-preview":"max-image-preview:large","max-video-preview":"max-video-preview:-1"},"canonical":"https:\/\/firmabudowlanagrzesik.pl\/?page_id=15","og_locale":"pl_PL","og_type":"article","og_title":"Kontakt - FirmaBudowlanaGRZESIK","og_description":"Firma\u00a0Budowlana\u00a0GRZESIK ul.G\u0142\u00f3wna 24 Zawada 42-244 Mst\u00f3w NIP: 949-005-08-71 Dariusz Grzesik tel: 693 348 706 email: biuro@firmabudowlanagrzesik.pl www: www.firmabudowlanagrzesik.pl CHCESZ OTRZYMA\u0106 DARMOW\u0104 WYCEN\u0118 ? SKONTAKTUJ SI\u0118 Z NAMI !","og_url":"https:\/\/firmabudowlanagrzesik.pl\/?page_id=15","og_site_name":"FirmaBudowlanaGRZESIK","article_modified_time":"2015-06-17T16:35:34+00:00","twitter_card":"summary_large_image","schema":{"@context":"https:\/\/schema.org","@graph":[{"@type":"WebPage","@id":"https:\/\/firmabudowlanagrzesik.pl\/?page_id=15","url":"https:\/\/firmabudowlanagrzesik.pl\/?page_id=15","name":"Kontakt - FirmaBudowlanaGRZESIK","isPartOf":{"@id":"https:\/\/firmabudowlanagrzesik.pl\/#website"},"datePublished":"2015-05-27T16:16:38+00:00","dateModified":"2015-06-17T16:35:34+00:00","breadcrumb":{"@id":"https:\/\/firmabudowlanagrzesik.pl\/?page_id=15#breadcrumb"},"inLanguage":"pl-PL","potentialAction":[{"@type":"ReadAction","target":["https:\/\/firmabudowlanagrzesik.pl\/?page_id=15"]}]},{"@type":"BreadcrumbList","@id":"https:\/\/firmabudowlanagrzesik.pl\/?page_id=15#breadcrumb","itemListElement":[{"@type":"ListItem","position":1,"name":"Strona g\u0142\u00f3wna","item":"https:\/\/firmabudowlanagrzesik.pl\/"},{"@type":"ListItem","position":2,"name":"Kontakt"}]},{"@type":"WebSite","@id":"https:\/\/firmabudowlanagrzesik.pl\/#website","url":"https:\/\/firmabudowlanagrzesik.pl\/","name":"FirmaBudowlanaGRZESIK","description":"Firma Budowlana Grzesik Mst\u00f3w","potentialAction":[{"@type":"SearchAction","target":{"@type":"EntryPoint","urlTemplate":"https:\/\/firmabudowlanagrzesik.pl\/?s={search_term_string}"},"query-input":{"@type":"PropertyValueSpecification","valueRequired":true,"valueName":"search_term_string"}}],"inLanguage":"pl-PL"}]}},"_links":{"self":[{"href":"https:\/\/firmabudowlanagrzesik.pl\/index.php?rest_route=\/wp\/v2\/pages\/15","targetHints":{"allow":["GET"]}}],"collection":[{"href":"https:\/\/firmabudowlanagrzesik.pl\/index.php?rest_route=\/wp\/v2\/pages"}],"about":[{"href":"https:\/\/firmabudowlanagrzesik.pl\/index.php?rest_route=\/wp\/v2\/types\/page"}],"author":[{"embeddable":true,"href":"https:\/\/firmabudowlanagrzesik.pl\/index.php?rest_route=\/wp\/v2\/users\/1"}],"replies":[{"embeddable":true,"href":"https:\/\/firmabudowlanagrzesik.pl\/index.php?rest_route=%2Fwp%2Fv2%2Fcomments&post=15"}],"version-history":[{"count":24,"href":"https:\/\/firmabudowlanagrzesik.pl\/index.php?rest_route=\/wp\/v2\/pages\/15\/revisions"}],"predecessor-version":[{"id":119,"href":"https:\/\/firmabudowlanagrzesik.pl\/index.php?rest_route=\/wp\/v2\/pages\/15\/revisions\/119"}],"wp:attachment":[{"href":"https:\/\/firmabudowlanagrzesik.pl\/index.php?rest_route=%2Fwp%2Fv2%2Fmedia&parent=15"}],"curies":[{"name":"wp","href":"https:\/\/api.w.org\/{rel}","templated":true}]}}